{"id":9095,"date":"2020-01-13T06:50:18","date_gmt":"2020-01-13T06:50:18","guid":{"rendered":"https:\/\/wpbingosite.com\/wordpress\/vitic\/?page_id=9095"},"modified":"2021-06-08T19:00:56","modified_gmt":"2021-06-08T19:00:56","slug":"quemsomos","status":"publish","type":"page","link":"https:\/\/www.promafix.pt\/index.php\/quemsomos\/","title":{"rendered":"Quem Somos"},"content":{"rendered":"<p><body style=\"background-color:#383E42;\"><br \/>\n<center><\/p>\n<p style=\"color:white;\"><strong><u>PROMAFIX<\/u><\/strong> &#8211; EQUIPAMENTOS E TECNOLOGIA, LDA<\/p>\n<p><\/center><br \/>\n&nbsp;<\/p>\n<p style=\"color:white;\"><strong><u>QUEM SOMOS:<\/u><\/strong><\/p>\n<p style=\"color:white;\">A empresa PROMAFIX, foi fundada em 01 de junho de 2021, com o intuito de se apresentar aos seus clientes como uma s\u00e9ria alternativa no fornecimento de produtos, tais como: equipamentos, ferramentas e consum\u00edveis de qualidade, para os segmentos profissionais da constru\u00e7\u00e3o, ind\u00fastria e servi\u00e7os.<\/p>\n<p style=\"color:white;\">Com uma vis\u00e3o inovadora a PROMAFIX \u00e9 muito mais do que um fornecedor, \u00e9 um parceiro no desenvolvimento de solu\u00e7\u00f5es que visam n\u00e3o s\u00f3 satisfazer, mas tamb\u00e9m surpreender os seus clientes no aconselhamento e apoio t\u00e9cnico, e busca das melhores solu\u00e7\u00f5es para cada caso.<\/p>\n<p style=\"color:white;\">Fruto de parcerias com algumas das mais prestigiadas marcas reconhecidas nacional e internacionalmente, com as quais: importa, distribui e divulga os seus produtos dirigindo-os a clientes exigentes e conhecedores dos mais elevados padr\u00f5es de qualidade, fornecendo assim num panorama nacional, um servi\u00e7o diferenciado e de excel\u00eancia.<\/p>\n<p>&nbsp;<\/p>\n<p style=\"color:white;\"><strong><u>VIS\u00c3O<\/u><\/strong><\/p>\n<p style=\"color:white;\">Temos como objetivo, o reconhecimento por parte de todos os nossos parceiros, clientes e fornecedores, como uma empresa de refer\u00eancia nas \u00e1reas da nossa atividade.<\/p>\n<p>&nbsp;<\/p>\n<p style=\"color:white;\"><strong><u>MISS\u00c3O<\/u><\/strong><\/p>\n<p style=\"color:white;\">Fornecer produtos e solu\u00e7\u00f5es inovadoras, propiciando o desenvolvimento sustentado dos seus clientes e o engrandecimento dos seus fornecedores. Reinvestir os seus proveitos num desenvolvimento constante e din\u00e2mico, para melhor servir.<\/p>\n<p>&nbsp;<\/p>\n<p style=\"color:white;\"><strong><u>VALORES:<\/u><\/strong><\/p>\n<p style=\"color:white;\">Transpar\u00eancia, \u00e9tica e confian\u00e7a, atrav\u00e9s de uma conduta disciplinada e de respeito. Profissionalismo e humanismo valorizando o capital humano.<\/p>\n<p>&nbsp;<br \/>\n<\/body><\/p>\n","protected":false},"excerpt":{"rendered":"<p>PROMAFIX &#8211; EQUIPAMENTOS E TECNOLOGIA, LDA &nbsp; QUEM SOMOS: A empresa PROMAFIX, foi fundada em 01 de junho de 2021, com o intuito de se apresentar aos seus clientes como uma s\u00e9ria alternativa no fornecimento de produtos, tais como: equipamentos, ferramentas e consum\u00edveis de qualidade, para os segmentos profissionais da constru\u00e7\u00e3o, ind\u00fastria e servi\u00e7os. Com [&hellip;]<\/p>\n","protected":false},"author":1,"featured_media":0,"parent":0,"menu_order":0,"comment_status":"closed","ping_status":"closed","template":"","meta":{"footnotes":""},"class_list":["post-9095","page","type-page","status-publish","hentry"],"_links":{"self":[{"href":"https:\/\/www.promafix.pt\/index.php\/wp-json\/wp\/v2\/pages\/9095","targetHints":{"allow":["GET"]}}],"collection":[{"href":"https:\/\/www.promafix.pt\/index.php\/wp-json\/wp\/v2\/pages"}],"about":[{"href":"https:\/\/www.promafix.pt\/index.php\/wp-json\/wp\/v2\/types\/page"}],"author":[{"embeddable":true,"href":"https:\/\/www.promafix.pt\/index.php\/wp-json\/wp\/v2\/users\/1"}],"replies":[{"embeddable":true,"href":"https:\/\/www.promafix.pt\/index.php\/wp-json\/wp\/v2\/comments?post=9095"}],"version-history":[{"count":15,"href":"https:\/\/www.promafix.pt\/index.php\/wp-json\/wp\/v2\/pages\/9095\/revisions"}],"predecessor-version":[{"id":16657,"href":"https:\/\/www.promafix.pt\/index.php\/wp-json\/wp\/v2\/pages\/9095\/revisions\/16657"}],"wp:attachment":[{"href":"https:\/\/www.promafix.pt\/index.php\/wp-json\/wp\/v2\/media?parent=9095"}],"curies":[{"name":"wp","href":"https:\/\/api.w.org\/{rel}","templated":true}]}}